{"id":1078,"date":"2020-12-08T03:54:06","date_gmt":"2020-12-08T03:54:06","guid":{"rendered":"https:\/\/gaviaspreview.com\/wp\/tevily\/?page_id=25"},"modified":"2023-12-15T12:48:54","modified_gmt":"2023-12-15T12:48:54","slug":"blog","status":"publish","type":"page","link":"https:\/\/www.travelexcellence.com.br\/site\/blog\/","title":{"rendered":"Blog"},"content":{"rendered":"\t\t<div data-elementor-type=\"wp-page\" data-elementor-id=\"1078\" class=\"elementor elementor-1078\">\n\t\t\t\t\t\t<section class=\"elementor-section elementor-top-section elementor-element elementor-element-59f29e4 elementor-section-full_width elementor-section-height-default elementor-section-height-default row-top\" data-id=\"59f29e4\" data-element_type=\"section\">\n\t\t\t\t\t\t<div class=\"elementor-container elementor-column-gap-default\">\n\t\t\t\t\t<div class=\"elementor-column elementor-col-100 elementor-top-column elementor-element elementor-element-6754167\" data-id=\"6754167\" data-element_type=\"column\">\n\t\t\t<div class=\"elementor-widget-wrap elementor-element-populated\">\n\t\t\t\t\t\t<div class=\"elementor-element elementor-element-458306b elementor-widget elementor-widget-gva_post_breadcrumb\" data-id=\"458306b\" data-element_type=\"widget\" data-widget_type=\"gva_post_breadcrumb.default\">\n\t\t\t\t<div class=\"elementor-widget-container\">\n\t\t\t\t\t<div class=\"gva-element-gva_post_breadcrumb gva-element\">   \r\n<div class=\"post-breadcrumb\">\r\n   <div class=\"custom-breadcrumb \" >\r\n            <div class=\"breadcrumb-main\">\r\n        <div class=\"container\">\r\n          <div class=\"breadcrumb-container-inner\">\r\n            <h2 class=\"heading-title\">Blog<\/h2><ol class=\"breadcrumb\"><li><a href=\"https:\/\/www.travelexcellence.com.br\/site\">Home<\/a> <\/li> <li class=\"active\">P\u00e1gina<\/li><\/ol>          <\/div>  \r\n        <\/div>   \r\n      <\/div>  \r\n   <\/div>\r\n<\/div>      \r\n\r\n<\/div>\t\t\t\t<\/div>\n\t\t\t\t<\/div>\n\t\t\t\t\t<\/div>\n\t\t<\/div>\n\t\t\t\t\t<\/div>\n\t\t<\/section>\n\t\t\t\t<section class=\"elementor-section elementor-top-section elementor-element elementor-element-1fbe8dbc elementor-section-boxed elementor-section-height-default elementor-section-height-default row-top\" data-id=\"1fbe8dbc\" data-element_type=\"section\">\n\t\t\t\t\t\t<div class=\"elementor-container elementor-column-gap-default\">\n\t\t\t\t\t<div class=\"elementor-column elementor-col-100 elementor-top-column elementor-element elementor-element-505d4390\" data-id=\"505d4390\" data-element_type=\"column\">\n\t\t\t<div class=\"elementor-widget-wrap elementor-element-populated\">\n\t\t\t\t\t\t<div class=\"elementor-element elementor-element-962a554 elementor-widget elementor-widget-gva-posts\" data-id=\"962a554\" data-element_type=\"widget\" data-widget_type=\"gva-posts.default\">\n\t\t\t\t<div class=\"elementor-widget-container\">\n\t\t\t\t\t<div class=\"gva-element-gva-posts gva-element\">  \r\n  <div class=\"gva-posts-grid clearfix gva-posts\">\r\n\t\t<div class=\"gva-content-items\"> \r\n\t\t  <div class=\"lg-block-grid-3 md-block-grid-3 sm-block-grid-2 xs-block-grid-2 xx-block-grid-1\">\r\n\t\t\t <div class=\"item-columns\">\n   <article id=\"post-4289\" class=\"post post-style-1 post-4289 type-post status-publish format-standard has-post-thumbnail hentry category-dicas tag-dicas-de-viagem tag-noticias tag-saude tag-travel tag-turismo tag-viagem\">\n      \n               <div class=\"post-thumbnail\">\n            <a href=\"https:\/\/www.travelexcellence.com.br\/site\/2026\/04\/29\/vacina-e-principal-protecao-antes-de-viajar-para-paises-com-surto-de-sarampo\/\">\n               <img fetchpriority=\"high\" decoding=\"async\" width=\"600\" height=\"620\" src=\"https:\/\/www.travelexcellence.com.br\/site\/wp-content\/uploads\/2026\/04\/POST-TRAVEL-54-600x620.png\" class=\"attachment-post-thumbnail size-post-thumbnail wp-post-image\" alt=\"Vacina \u00e9 principal prote\u00e7\u00e3o antes de viajar para pa\u00edses com surto de sarampo\" \/>            <\/a>\n                           <div class=\"entry-date\">\n                  <span class=\"date\">29<\/span>\n                  <span class=\"month\">abr<\/span>\n               <\/div>\n                     <\/div>   \n         \n\n      <div class=\"entry-content has-thumbnail\">\n         <div class=\"content-inner\">\n            <div class=\"entry-meta\">\n               <div class=\"clearfix meta-inline post-meta-1\"><span class=\"entry-date hidden\"><i class=\"far fa-calendar\"><\/i>abril 29, 2026<\/span><span class=\"author vcard\"><i class=\"far fa-user-circle\"><\/i>Autor Travelexcellence<\/span><\/div>            <\/div> \n            <h3 class=\"entry-title\"><a href=\"https:\/\/www.travelexcellence.com.br\/site\/2026\/04\/29\/vacina-e-principal-protecao-antes-de-viajar-para-paises-com-surto-de-sarampo\/\" rel=\"bookmark\">Vacina \u00e9 principal prote\u00e7\u00e3o antes de viajar para pa\u00edses com surto de sarampo<\/a><\/h3>\n                           <div class=\"entry-desc\">\n                  Brasil mant\u00e9m status livre da circula\u00e7\u00e3o end\u00eamica, realidade diferente dos Estados Unidos, do M\u00e9xico e               <\/div>   \n                        <div class=\"read-more\">\n               <a class=\"btn-inline\" href=\"https:\/\/www.travelexcellence.com.br\/site\/2026\/04\/29\/vacina-e-principal-protecao-antes-de-viajar-para-paises-com-surto-de-sarampo\/\">Leia mais<\/a>\n            <\/div>\n         <\/div>\n\n      <\/div>\n   <\/article>   \n\n  <\/div><div class=\"item-columns\">\n   <article id=\"post-4286\" class=\"post post-style-1 post-4286 type-post status-publish format-standard has-post-thumbnail hentry category-noticias tag-brasil tag-chile tag-noticias tag-travel tag-turismo tag-viagem\">\n      \n               <div class=\"post-thumbnail\">\n            <a href=\"https:\/\/www.travelexcellence.com.br\/site\/2026\/04\/22\/brasil-e-chile-discutem-acoes-para-ampliar-fluxo-de-turistas\/\">\n               <img decoding=\"async\" width=\"600\" height=\"620\" src=\"https:\/\/www.travelexcellence.com.br\/site\/wp-content\/uploads\/2026\/04\/POST-TRAVEL-50-600x620.png\" class=\"attachment-post-thumbnail size-post-thumbnail wp-post-image\" alt=\"Brasil e Chile discutem a\u00e7\u00f5es para ampliar fluxo de turistas\" \/>            <\/a>\n                           <div class=\"entry-date\">\n                  <span class=\"date\">22<\/span>\n                  <span class=\"month\">abr<\/span>\n               <\/div>\n                     <\/div>   \n         \n\n      <div class=\"entry-content has-thumbnail\">\n         <div class=\"content-inner\">\n            <div class=\"entry-meta\">\n               <div class=\"clearfix meta-inline post-meta-1\"><span class=\"entry-date hidden\"><i class=\"far fa-calendar\"><\/i>abril 22, 2026<\/span><span class=\"author vcard\"><i class=\"far fa-user-circle\"><\/i>Autor Travelexcellence<\/span><\/div>            <\/div> \n            <h3 class=\"entry-title\"><a href=\"https:\/\/www.travelexcellence.com.br\/site\/2026\/04\/22\/brasil-e-chile-discutem-acoes-para-ampliar-fluxo-de-turistas\/\" rel=\"bookmark\">Brasil e Chile discutem a\u00e7\u00f5es para ampliar fluxo de turistas<\/a><\/h3>\n                           <div class=\"entry-desc\">\n                  Reuni\u00e3o abordou o uso de intelig\u00eancia artificial na promo\u00e7\u00e3o de destinos e a necessidade de               <\/div>   \n                        <div class=\"read-more\">\n               <a class=\"btn-inline\" href=\"https:\/\/www.travelexcellence.com.br\/site\/2026\/04\/22\/brasil-e-chile-discutem-acoes-para-ampliar-fluxo-de-turistas\/\">Leia mais<\/a>\n            <\/div>\n         <\/div>\n\n      <\/div>\n   <\/article>   \n\n  <\/div><div class=\"item-columns\">\n   <article id=\"post-4281\" class=\"post post-style-1 post-4281 type-post status-publish format-standard has-post-thumbnail hentry category-noticias tag-japao tag-noticias tag-travel tag-turismo tag-viagem\">\n      \n               <div class=\"post-thumbnail\">\n            <a href=\"https:\/\/www.travelexcellence.com.br\/site\/2026\/04\/15\/viagem-ao-japao-em-2026-novos-impostos-e-aumentos-de-tarifas\/\">\n               <img decoding=\"async\" width=\"600\" height=\"620\" src=\"https:\/\/www.travelexcellence.com.br\/site\/wp-content\/uploads\/2026\/04\/POST-TRAVEL-46-600x620.png\" class=\"attachment-post-thumbnail size-post-thumbnail wp-post-image\" alt=\"Viagem ao Jap\u00e3o em 2026: novos impostos e aumentos de tarifas\" \/>            <\/a>\n                           <div class=\"entry-date\">\n                  <span class=\"date\">15<\/span>\n                  <span class=\"month\">abr<\/span>\n               <\/div>\n                     <\/div>   \n         \n\n      <div class=\"entry-content has-thumbnail\">\n         <div class=\"content-inner\">\n            <div class=\"entry-meta\">\n               <div class=\"clearfix meta-inline post-meta-1\"><span class=\"entry-date hidden\"><i class=\"far fa-calendar\"><\/i>abril 15, 2026<\/span><span class=\"author vcard\"><i class=\"far fa-user-circle\"><\/i>Autor Travelexcellence<\/span><\/div>            <\/div> \n            <h3 class=\"entry-title\"><a href=\"https:\/\/www.travelexcellence.com.br\/site\/2026\/04\/15\/viagem-ao-japao-em-2026-novos-impostos-e-aumentos-de-tarifas\/\" rel=\"bookmark\">Viagem ao Jap\u00e3o em 2026: novos impostos e aumentos de tarifas<\/a><\/h3>\n                           <div class=\"entry-desc\">\n                  Jap\u00e3o amplia impostos para turistas em 2026; taxas de hospedagem variam por regi\u00e3o e a               <\/div>   \n                        <div class=\"read-more\">\n               <a class=\"btn-inline\" href=\"https:\/\/www.travelexcellence.com.br\/site\/2026\/04\/15\/viagem-ao-japao-em-2026-novos-impostos-e-aumentos-de-tarifas\/\">Leia mais<\/a>\n            <\/div>\n         <\/div>\n\n      <\/div>\n   <\/article>   \n\n  <\/div><div class=\"item-columns\">\n   <article id=\"post-4277\" class=\"post post-style-1 post-4277 type-post status-publish format-standard has-post-thumbnail hentry category-noticias tag-brasil tag-combustivel tag-noticias tag-travel tag-turismo tag-viagem\">\n      \n               <div class=\"post-thumbnail\">\n            <a href=\"https:\/\/www.travelexcellence.com.br\/site\/2026\/04\/08\/governo-zera-pis-e-cofins-sobre-o-combustivel-de-aviacao-para-conter-alta-do-preco-das-passagens-aereas\/\">\n               <img loading=\"lazy\" decoding=\"async\" width=\"600\" height=\"620\" src=\"https:\/\/www.travelexcellence.com.br\/site\/wp-content\/uploads\/2026\/04\/POST-TRAVEL-40-1-600x620.png\" class=\"attachment-post-thumbnail size-post-thumbnail wp-post-image\" alt=\"Governo zera PIS e Cofins sobre o combust\u00edvel de avia\u00e7\u00e3o para conter alta do pre\u00e7o das passagens a\u00e9reas\" \/>            <\/a>\n                           <div class=\"entry-date\">\n                  <span class=\"date\">08<\/span>\n                  <span class=\"month\">abr<\/span>\n               <\/div>\n                     <\/div>   \n         \n\n      <div class=\"entry-content has-thumbnail\">\n         <div class=\"content-inner\">\n            <div class=\"entry-meta\">\n               <div class=\"clearfix meta-inline post-meta-1\"><span class=\"entry-date hidden\"><i class=\"far fa-calendar\"><\/i>abril 8, 2026<\/span><span class=\"author vcard\"><i class=\"far fa-user-circle\"><\/i>Autor Travelexcellence<\/span><\/div>            <\/div> \n            <h3 class=\"entry-title\"><a href=\"https:\/\/www.travelexcellence.com.br\/site\/2026\/04\/08\/governo-zera-pis-e-cofins-sobre-o-combustivel-de-aviacao-para-conter-alta-do-preco-das-passagens-aereas\/\" rel=\"bookmark\">Governo zera PIS e Cofins sobre o combust\u00edvel de avia\u00e7\u00e3o para conter alta do pre\u00e7o das passagens a\u00e9reas<\/a><\/h3>\n                           <div class=\"entry-desc\">\n                  Combust\u00edvel passou a representar cerca de 45% do custo operacional das companhias a\u00e9reas ap\u00f3s o               <\/div>   \n                        <div class=\"read-more\">\n               <a class=\"btn-inline\" href=\"https:\/\/www.travelexcellence.com.br\/site\/2026\/04\/08\/governo-zera-pis-e-cofins-sobre-o-combustivel-de-aviacao-para-conter-alta-do-preco-das-passagens-aereas\/\">Leia mais<\/a>\n            <\/div>\n         <\/div>\n\n      <\/div>\n   <\/article>   \n\n  <\/div><div class=\"item-columns\">\n   <article id=\"post-4272\" class=\"post post-style-1 post-4272 type-post status-publish format-standard has-post-thumbnail hentry category-noticias tag-mercosul tag-noticias tag-travel tag-turismo tag-viagem\">\n      \n               <div class=\"post-thumbnail\">\n            <a href=\"https:\/\/www.travelexcellence.com.br\/site\/2026\/04\/01\/acordo-provisorio-mercosul-ue-entra-em-vigor-hoje-1o-de-maio\/\">\n               <img loading=\"lazy\" decoding=\"async\" width=\"600\" height=\"620\" src=\"https:\/\/www.travelexcellence.com.br\/site\/wp-content\/uploads\/2026\/04\/POST-TRAVEL-38-600x620.png\" class=\"attachment-post-thumbnail size-post-thumbnail wp-post-image\" alt=\"Acordo Provis\u00f3rio Mercosul-UE entra em vigor hoje, 1\u00ba de maio\" \/>            <\/a>\n                           <div class=\"entry-date\">\n                  <span class=\"date\">01<\/span>\n                  <span class=\"month\">abr<\/span>\n               <\/div>\n                     <\/div>   \n         \n\n      <div class=\"entry-content has-thumbnail\">\n         <div class=\"content-inner\">\n            <div class=\"entry-meta\">\n               <div class=\"clearfix meta-inline post-meta-1\"><span class=\"entry-date hidden\"><i class=\"far fa-calendar\"><\/i>abril 1, 2026<\/span><span class=\"author vcard\"><i class=\"far fa-user-circle\"><\/i>Autor Travelexcellence<\/span><\/div>            <\/div> \n            <h3 class=\"entry-title\"><a href=\"https:\/\/www.travelexcellence.com.br\/site\/2026\/04\/01\/acordo-provisorio-mercosul-ue-entra-em-vigor-hoje-1o-de-maio\/\" rel=\"bookmark\">Acordo Provis\u00f3rio Mercosul-UE entra em vigor hoje, 1\u00ba de maio<\/a><\/h3>\n                           <div class=\"entry-desc\">\n                  Acordo come\u00e7a a valer de forma provis\u00f3ria ap\u00f3s troca de notifica\u00e7\u00f5es entre as partes e               <\/div>   \n                        <div class=\"read-more\">\n               <a class=\"btn-inline\" href=\"https:\/\/www.travelexcellence.com.br\/site\/2026\/04\/01\/acordo-provisorio-mercosul-ue-entra-em-vigor-hoje-1o-de-maio\/\">Leia mais<\/a>\n            <\/div>\n         <\/div>\n\n      <\/div>\n   <\/article>   \n\n  <\/div><div class=\"item-columns\">\n   <article id=\"post-4269\" class=\"post post-style-1 post-4269 type-post status-publish format-standard has-post-thumbnail hentry category-noticias tag-eta tag-noticias tag-travel tag-turismo tag-viagem\">\n      \n               <div class=\"post-thumbnail\">\n            <a href=\"https:\/\/www.travelexcellence.com.br\/site\/2026\/03\/25\/reino-unido-aumenta-taxa-da-eta-e-brasileiros-precisam-pagar-mais-a-partir-de-abril-de-2026\/\">\n               <img loading=\"lazy\" decoding=\"async\" width=\"600\" height=\"620\" src=\"https:\/\/www.travelexcellence.com.br\/site\/wp-content\/uploads\/2026\/03\/POST-TRAVEL-32-600x620.png\" class=\"attachment-post-thumbnail size-post-thumbnail wp-post-image\" alt=\"Reino Unido aumenta taxa da ETA e brasileiros precisam pagar mais a partir de abril de 2026\" \/>            <\/a>\n                           <div class=\"entry-date\">\n                  <span class=\"date\">25<\/span>\n                  <span class=\"month\">mar<\/span>\n               <\/div>\n                     <\/div>   \n         \n\n      <div class=\"entry-content has-thumbnail\">\n         <div class=\"content-inner\">\n            <div class=\"entry-meta\">\n               <div class=\"clearfix meta-inline post-meta-1\"><span class=\"entry-date hidden\"><i class=\"far fa-calendar\"><\/i>mar\u00e7o 25, 2026<\/span><span class=\"author vcard\"><i class=\"far fa-user-circle\"><\/i>Autor Travelexcellence<\/span><\/div>            <\/div> \n            <h3 class=\"entry-title\"><a href=\"https:\/\/www.travelexcellence.com.br\/site\/2026\/03\/25\/reino-unido-aumenta-taxa-da-eta-e-brasileiros-precisam-pagar-mais-a-partir-de-abril-de-2026\/\" rel=\"bookmark\">Reino Unido aumenta taxa da ETA e brasileiros precisam pagar mais a partir de abril de 2026<\/a><\/h3>\n                           <div class=\"entry-desc\">\n                  Novo valor da ETA passa a valer em 8 de abril e mant\u00e9m exig\u00eancia para               <\/div>   \n                        <div class=\"read-more\">\n               <a class=\"btn-inline\" href=\"https:\/\/www.travelexcellence.com.br\/site\/2026\/03\/25\/reino-unido-aumenta-taxa-da-eta-e-brasileiros-precisam-pagar-mais-a-partir-de-abril-de-2026\/\">Leia mais<\/a>\n            <\/div>\n         <\/div>\n\n      <\/div>\n   <\/article>   \n\n  <\/div><div class=\"item-columns\">\n   <article id=\"post-4265\" class=\"post post-style-1 post-4265 type-post status-publish format-standard has-post-thumbnail hentry category-dicas tag-cambio tag-financas tag-noticias tag-travel tag-turismo tag-viagem\">\n      \n               <div class=\"post-thumbnail\">\n            <a href=\"https:\/\/www.travelexcellence.com.br\/site\/2026\/03\/18\/cambio-dicas-para-facilitar-sua-vida-na-hora-de-gastar-no-exterior\/\">\n               <img loading=\"lazy\" decoding=\"async\" width=\"600\" height=\"620\" src=\"https:\/\/www.travelexcellence.com.br\/site\/wp-content\/uploads\/2026\/03\/POST-TRAVEL-70-600x620.png\" class=\"attachment-post-thumbnail size-post-thumbnail wp-post-image\" alt=\"C\u00e2mbio: dicas para facilitar sua vida na hora de gastar no exterior\" \/>            <\/a>\n                           <div class=\"entry-date\">\n                  <span class=\"date\">18<\/span>\n                  <span class=\"month\">mar<\/span>\n               <\/div>\n                     <\/div>   \n         \n\n      <div class=\"entry-content has-thumbnail\">\n         <div class=\"content-inner\">\n            <div class=\"entry-meta\">\n               <div class=\"clearfix meta-inline post-meta-1\"><span class=\"entry-date hidden\"><i class=\"far fa-calendar\"><\/i>mar\u00e7o 18, 2026<\/span><span class=\"author vcard\"><i class=\"far fa-user-circle\"><\/i>Autor Travelexcellence<\/span><\/div>            <\/div> \n            <h3 class=\"entry-title\"><a href=\"https:\/\/www.travelexcellence.com.br\/site\/2026\/03\/18\/cambio-dicas-para-facilitar-sua-vida-na-hora-de-gastar-no-exterior\/\" rel=\"bookmark\">C\u00e2mbio: dicas para facilitar sua vida na hora de gastar no exterior<\/a><\/h3>\n                           <div class=\"entry-desc\">\n                  Especialistas explicam as diferen\u00e7as entre os tipos de c\u00e2mbio, as op\u00e7\u00f5es mais vantajosas para comprar               <\/div>   \n                        <div class=\"read-more\">\n               <a class=\"btn-inline\" href=\"https:\/\/www.travelexcellence.com.br\/site\/2026\/03\/18\/cambio-dicas-para-facilitar-sua-vida-na-hora-de-gastar-no-exterior\/\">Leia mais<\/a>\n            <\/div>\n         <\/div>\n\n      <\/div>\n   <\/article>   \n\n  <\/div><div class=\"item-columns\">\n   <article id=\"post-4262\" class=\"post post-style-1 post-4262 type-post status-publish format-standard has-post-thumbnail hentry category-dicas tag-dicas-de-viagem tag-seguranca tag-seguro-viagem tag-travel tag-turismo tag-viagem\">\n      \n               <div class=\"post-thumbnail\">\n            <a href=\"https:\/\/www.travelexcellence.com.br\/site\/2026\/03\/11\/seis-perrengues-em-viagens-internacionais-que-o-seguro-viagem-pode-resolver\/\">\n               <img loading=\"lazy\" decoding=\"async\" width=\"600\" height=\"620\" src=\"https:\/\/www.travelexcellence.com.br\/site\/wp-content\/uploads\/2026\/03\/POST-TRAVEL-66-600x620.png\" class=\"attachment-post-thumbnail size-post-thumbnail wp-post-image\" alt=\"Seis perrengues em viagens internacionais que o seguro viagem pode resolver\" \/>            <\/a>\n                           <div class=\"entry-date\">\n                  <span class=\"date\">11<\/span>\n                  <span class=\"month\">mar<\/span>\n               <\/div>\n                     <\/div>   \n         \n\n      <div class=\"entry-content has-thumbnail\">\n         <div class=\"content-inner\">\n            <div class=\"entry-meta\">\n               <div class=\"clearfix meta-inline post-meta-1\"><span class=\"entry-date hidden\"><i class=\"far fa-calendar\"><\/i>mar\u00e7o 11, 2026<\/span><span class=\"author vcard\"><i class=\"far fa-user-circle\"><\/i>Autor Travelexcellence<\/span><\/div>            <\/div> \n            <h3 class=\"entry-title\"><a href=\"https:\/\/www.travelexcellence.com.br\/site\/2026\/03\/11\/seis-perrengues-em-viagens-internacionais-que-o-seguro-viagem-pode-resolver\/\" rel=\"bookmark\">Seis perrengues em viagens internacionais que o seguro viagem pode resolver<\/a><\/h3>\n                           <div class=\"entry-desc\">\n                  De extravio de bagagem a intoxica\u00e7\u00e3o alimentar, prote\u00e7\u00e3o custa cerca de 2% da viagem e               <\/div>   \n                        <div class=\"read-more\">\n               <a class=\"btn-inline\" href=\"https:\/\/www.travelexcellence.com.br\/site\/2026\/03\/11\/seis-perrengues-em-viagens-internacionais-que-o-seguro-viagem-pode-resolver\/\">Leia mais<\/a>\n            <\/div>\n         <\/div>\n\n      <\/div>\n   <\/article>   \n\n  <\/div><div class=\"item-columns\">\n   <article id=\"post-4258\" class=\"post post-style-1 post-4258 type-post status-publish format-standard has-post-thumbnail hentry category-noticias tag-dicas tag-dolar tag-noticias tag-travel tag-turismo tag-viagem\">\n      \n               <div class=\"post-thumbnail\">\n            <a href=\"https:\/\/www.travelexcellence.com.br\/site\/2026\/03\/04\/viagem-em-2026-como-economizar-na-compra-de-dolar-usd-para-viajar\/\">\n               <img loading=\"lazy\" decoding=\"async\" width=\"600\" height=\"620\" src=\"https:\/\/www.travelexcellence.com.br\/site\/wp-content\/uploads\/2026\/03\/POST-TRAVEL-62-600x620.png\" class=\"attachment-post-thumbnail size-post-thumbnail wp-post-image\" alt=\"Viagem em 2026: como economizar na compra de d\u00f3lar (USD) para viajar\" \/>            <\/a>\n                           <div class=\"entry-date\">\n                  <span class=\"date\">04<\/span>\n                  <span class=\"month\">mar<\/span>\n               <\/div>\n                     <\/div>   \n         \n\n      <div class=\"entry-content has-thumbnail\">\n         <div class=\"content-inner\">\n            <div class=\"entry-meta\">\n               <div class=\"clearfix meta-inline post-meta-1\"><span class=\"entry-date hidden\"><i class=\"far fa-calendar\"><\/i>mar\u00e7o 4, 2026<\/span><span class=\"author vcard\"><i class=\"far fa-user-circle\"><\/i>Autor Travelexcellence<\/span><\/div>            <\/div> \n            <h3 class=\"entry-title\"><a href=\"https:\/\/www.travelexcellence.com.br\/site\/2026\/03\/04\/viagem-em-2026-como-economizar-na-compra-de-dolar-usd-para-viajar\/\" rel=\"bookmark\">Viagem em 2026: como economizar na compra de d\u00f3lar (USD) para viajar<\/a><\/h3>\n                           <div class=\"entry-desc\">\n                  Planejamento \u00e9 a chave para n\u00e3o perder dinheiro com o c\u00e2mbio; veja dicas de quando               <\/div>   \n                        <div class=\"read-more\">\n               <a class=\"btn-inline\" href=\"https:\/\/www.travelexcellence.com.br\/site\/2026\/03\/04\/viagem-em-2026-como-economizar-na-compra-de-dolar-usd-para-viajar\/\">Leia mais<\/a>\n            <\/div>\n         <\/div>\n\n      <\/div>\n   <\/article>   \n\n  <\/div>\t\t  <\/div>\r\n\t\t<\/div>\r\n\t\t\t\t\t <div class=\"pagination\">\r\n\t\t\t\t  <div class=\"column one pager_wrapper\"><div class=\"pager\"><div class=\"paginations\"><a href=\"https:\/\/www.travelexcellence.com.br\/site\/wp-json\/wp\/v2\/pages\/1078\/\" class=\"page-item active\">1<\/a><a href=\"https:\/\/www.travelexcellence.com.br\/site\/wp-json\/wp\/v2\/pages\/1078\/page\/2\/\" class=\"page-item\">2<\/a><a href=\"https:\/\/www.travelexcellence.com.br\/site\/wp-json\/wp\/v2\/pages\/1078\/page\/3\/\" class=\"page-item\">3<\/a><span class=\"page-item\">... <\/span><a href=\"https:\/\/www.travelexcellence.com.br\/site\/wp-json\/wp\/v2\/pages\/1078\/page\/16\/\" class=\"page-item\">16<\/a><a class=\"next_page\" href=\"https:\/\/www.travelexcellence.com.br\/site\/wp-json\/wp\/v2\/pages\/1078\/page\/2\/\"><i class=\"fas fa-chevron-right\"><\/i><\/a><\/div><\/div><\/div>\n\t\t\t <\/div>\r\n\t\t  <\/div>\r\n  <\/div>\t\t\t\t<\/div>\n\t\t\t\t<\/div>\n\t\t\t\t\t<\/div>\n\t\t<\/div>\n\t\t\t\t\t<\/div>\n\t\t<\/section>\n\t\t\t\t<\/div>\n\t\t","protected":false},"excerpt":{"rendered":"<p>Passagem a\u00e9rea a R$ 200: como deve funcionar o programa Voa Brasil Home 05 dez dezembro 5, 2023Autor Travelexcellence S\u00e3o Paulo-Los Angeles: LATAM e DELTA inauguram rota no Brasil Read more 05 dez dezembro 5, 2023Autor Travelexcellence A import\u00e2ncia da Lei Geral da Prote\u00e7\u00e3o de Dados para o seu neg\u00f3cio Read more 30 nov novembro [&hellip;]<\/p>\n","protected":false},"author":1,"featured_media":0,"parent":0,"menu_order":0,"comment_status":"closed","ping_status":"closed","template":"","meta":{"footnotes":""},"class_list":["post-1078","page","type-page","status-publish","hentry"],"aioseo_notices":[],"_links":{"self":[{"href":"https:\/\/www.travelexcellence.com.br\/site\/wp-json\/wp\/v2\/pages\/1078","targetHints":{"allow":["GET"]}}],"collection":[{"href":"https:\/\/www.travelexcellence.com.br\/site\/wp-json\/wp\/v2\/pages"}],"about":[{"href":"https:\/\/www.travelexcellence.com.br\/site\/wp-json\/wp\/v2\/types\/page"}],"author":[{"embeddable":true,"href":"https:\/\/www.travelexcellence.com.br\/site\/wp-json\/wp\/v2\/users\/1"}],"replies":[{"embeddable":true,"href":"https:\/\/www.travelexcellence.com.br\/site\/wp-json\/wp\/v2\/comments?post=1078"}],"version-history":[{"count":0,"href":"https:\/\/www.travelexcellence.com.br\/site\/wp-json\/wp\/v2\/pages\/1078\/revisions"}],"wp:attachment":[{"href":"https:\/\/www.travelexcellence.com.br\/site\/wp-json\/wp\/v2\/media?parent=1078"}],"curies":[{"name":"wp","href":"https:\/\/api.w.org\/{rel}","templated":true}]}}